{"id":1906,"date":"2022-05-09T16:37:42","date_gmt":"2022-05-09T16:37:42","guid":{"rendered":"https:\/\/legal-kanzlei.com\/?page_id=1906"},"modified":"2022-06-15T16:42:42","modified_gmt":"2022-06-15T16:42:42","slug":"datenschutz","status":"publish","type":"page","link":"https:\/\/legal-kanzlei.com\/fr\/protection-des-donnees\/","title":{"rendered":"Protection des donn\u00e9es"},"content":{"rendered":"\r\n<div class=\"wp-block-stackable-columns alignfull stk-block-columns stk-block stk-26ffbea stk-block-background stk--has-background-overlay\" data-block-id=\"26ffbea\"><style>.stk-26ffbea{background-color:#000000 !important;background-image:url(https:\/\/legal-kanzlei.com\/wp-content\/uploads\/2022\/04\/pexels-ekaterina-bolovtsova-6077123-scaled.jpg) !important;background-attachment:fixed !important}.stk-26ffbea:before{background-color:#000000 !important;opacity:0.4 !important}<\/style><div class=\"stk-row stk-inner-blocks stk-block-content stk-content-align stk-26ffbea-column alignfull\">\r\n<div class=\"wp-block-stackable-column stk-block-column stk-column stk-block stk-a70b2d2\" data-block-id=\"a70b2d2\"><style>.stk-a70b2d2 .stk-block-column__content{padding-top:180px !important;padding-right:180px !important;padding-bottom:180px !important;padding-left:180px !important}@media screen and (max-width:999px){.stk-a70b2d2 .stk-block-column__content{padding-top:0px !important;padding-right:0px !important;padding-bottom:0px !important;padding-left:0px !important}}<\/style><div class=\"stk-column-wrapper stk-block-column__content stk-container stk-a70b2d2-container stk--no-background stk--no-padding\"><div class=\"stk-block-content stk-inner-blocks\">\r\n<style>\r\nh1, h2, h3, h4 {\r\n   color: #E1E8ED !important ;\r\ntext-decoration: underline !important; \r\n}\r\n<\/style>\r\n<span style=\"color: white;font-size: 16px;\">\r\n<h1>Protection des donn\u00e9es<\/h1>\r\n<h2>1. nom et coordonn\u00e9es du responsable du traitement et du d\u00e9l\u00e9gu\u00e9 \u00e0 la protection des donn\u00e9es de l&rsquo;entreprise<\/h2>\r\nVeuillez tout d&rsquo;abord prendre connaissance des informations relatives au traitement des donn\u00e9es.\r\n\r\nCette information sur la protection des donn\u00e9es s&rsquo;applique au traitement des donn\u00e9es par :\r\nMe Sonja Aran, In Oberwiesen 16, 88682 Salem, <a href=\"mailto:info@legal-kanzlei.com\">info@legal-kanzlei.com<\/a>, <a href=\"tel:004975535379388\">T\u00e9l\u00e9\u00fchone: +49 7553 5739 388<\/a>, Fax: +49 7553 5739 387.\r\n\r\nUn d\u00e9l\u00e9gu\u00e9 \u00e0 la protection des donn\u00e9es n&rsquo;est pas n\u00e9cessaire.\r\n\r\n&nbsp;\r\n<h2>2. collecte et enregistrement des donn\u00e9es personnelles ainsi que nature et finalit\u00e9 de leur utilisation<\/h2>\r\n<h3>1. lors de la visite du site web<\/h3>\r\nLorsque vous consultez notre site Internet <a href=\"https:\/\/legal-kanzlei.com\/\">https:\/\/legal-kanzlei.com<\/a>, le navigateur utilis\u00e9 sur votre terminal envoie automatiquement des informations au serveur de notre site Internet. Ces informations sont enregistr\u00e9es temporairement dans ce que l&rsquo;on appelle un fichier journal. Les informations suivantes sont saisies sans intervention de votre part et enregistr\u00e9es jusqu&rsquo;\u00e0 leur suppression automatique:\r\n<ul>\r\n \t<li>adresse IP de l&rsquo;ordinateur demandeur<\/li>\r\n \t<li>Date et heure de l&rsquo;acc\u00e8s<\/li>\r\n \t<li>nom et URL du fichier consult\u00e9<\/li>\r\n \t<li>navigateur utilis\u00e9 et, le cas \u00e9ch\u00e9ant, le syst\u00e8me d&rsquo;exploitation de votre ordinateur.<\/li>\r\n<\/ul>\r\n<strong>Les donn\u00e9es mentionn\u00e9es sont trait\u00e9es par nos soins aux fins suivantes:<\/strong>\r\n<ul>\r\n \t<li>garantir une connexion sans probl\u00e8me du site web<\/li>\r\n<\/ul>\r\nLa base juridique pour le traitement des donn\u00e9es est l&rsquo;art.6, alin\u00e9a 1, phrase 1, lettre f du RGPD. Notre int\u00e9r\u00eat l\u00e9gitime d\u00e9coule des finalit\u00e9s \u00e9num\u00e9r\u00e9es ci-dessus pour la collecte des donn\u00e9es. En aucun cas, nous n&rsquo;utilisons les donn\u00e9es collect\u00e9es dans le but de tirer des conclusions sur votre personne.\r\n\r\n<b>En outre, <u>nous n&rsquo;utilisons pas de cookies<\/u> lorsque vous visitez notre site web.<\/b> Vous trouverez de plus amples explications \u00e0 ce sujet au point 4 de la pr\u00e9sente d\u00e9claration de protection des donn\u00e9es.\r\n\r\n\r\n<h3>2. en cas d&rsquo;utilisation de notre formulaire de contact<\/h3>\r\nPour toute question de quelque nature que ce soit, nous vous offrons la possibilit\u00e9 de prendre contact avec nous par le biais des formulaires mis \u00e0 disposition sur le site web. Il est n\u00e9cessaire d&rsquo;indiquer une adresse e-mail valide et votre nom afin que nous sachions de qui provient la demande et que nous puissions y r\u00e9pondre. Pour demander une injonction de payer ou un acc\u00e8s au dossier, d&rsquo;autres donn\u00e9es obligatoires peuvent \u00eatre n\u00e9cessaires pour que nous puissions traiter la commande pass\u00e9e. D&rsquo;autres informations peuvent \u00eatre fournies volontairement.\r\n\r\nLe traitement des donn\u00e9es \u00e0 des fins de prise de contact avec nous s&rsquo;effectue conform\u00e9ment \u00e0 l&rsquo;article 6, paragraphe 1, alin\u00e9a 1, lettre a du DAGVO sur la base de votre consentement volontaire.\r\n\r\nLes donn\u00e9es personnelles que nous collectons pour l&rsquo;utilisation du formulaire de contact sont automatiquement effac\u00e9es apr\u00e8s l&rsquo;ex\u00e9cution de la demande que vous avez formul\u00e9e.\r\n\r\n&nbsp;\r\n<h3>3. transmission de donn\u00e9es<\/h3>\r\nVos donn\u00e9es personnelles ne sont pas transmises \u00e0 des tiers \u00e0 des fins autres que celles mentionn\u00e9es ci-dessous.\r\n\r\nNous ne transmettons vos donn\u00e9es personnelles \u00e0 des tiers que si :\r\nvous avez donn\u00e9 votre consentement explicite conform\u00e9ment \u00e0 l&rsquo;art. 6, al. 1, phrase 1, lettre a du RGPD,\r\nla transmission selon l&rsquo;art. 6, al. 1, phrase 1, lettre f du RGPD est n\u00e9cessaire \u00e0 la constatation, \u00e0 l&rsquo;exercice ou \u00e0 la d\u00e9fense de droits en justice et qu&rsquo;il n&rsquo;y a aucune raison de supposer que vous avez un int\u00e9r\u00eat l\u00e9gitime pr\u00e9pond\u00e9rant \u00e0 ce que vos donn\u00e9es ne soient pas transmises,\r\ndans le cas o\u00f9 il existe une obligation l\u00e9gale de transmission conform\u00e9ment \u00e0 l&rsquo;art. 6, al. 1, phrase 1, lettre c du RGPD, ainsi que\r\nsi cela est autoris\u00e9 par la loi et n\u00e9cessaire \u00e0 l&rsquo;ex\u00e9cution des relations contractuelles avec vous conform\u00e9ment \u00e0 l&rsquo;art. 6, al. 1, phrase 1, lettre b du RGPD.\r\n\r\n&nbsp;\r\n<h3>4. cookies\/ outils de suivi<\/h3>\r\n<h4>Open Source<\/h4>\r\nUn logiciel (un programme informatique) est d&rsquo;abord \u00e9crit par le programmeur dans un langage de programmation lisible par l&rsquo;homme et appel\u00e9 code source du programme. Pour \u00eatre compris par un ordinateur, ce programme est traduit en une suite de z\u00e9ros et de uns qui n&rsquo;est pas lisible par un \u00eatre humain. C&rsquo;est ce qu&rsquo;on appelle le code ex\u00e9cutable ou code machine.\r\n\r\nLes logiciels sous licence open source garantissent l&rsquo;acc\u00e8s au programme lisible par l&rsquo;homme. De cette mani\u00e8re, il est tr\u00e8s risqu\u00e9 pour un programmeur d&rsquo;introduire dans un programme des fonctions ill\u00e9gales ou contraires \u00e0 l&rsquo;\u00e9thique, telles que la collecte et le cryptage de donn\u00e9es personnelles. \r\n\u00c9tant donn\u00e9 que le code de l&rsquo;open source peut \u00eatre v\u00e9rifi\u00e9, il est plus respectueux de la vie priv\u00e9e que les logiciels ferm\u00e9s et propri\u00e9taires, dont le code est tenu secret par la soci\u00e9t\u00e9 de programmation.\r\n\r\nDa der Code von Opensource \u00fcberpr\u00fcft werden kann, ist er besser f\u00fcr die Privatsph\u00e4re als geschlossene und propriet\u00e4re Software, bei der der Code von der Programmiererfirma geheim gehalten wird.\r\n\r\n<a href=\"https:\/\/www.fsf.org\/about\">https:\/\/www.fsf.org\/about<\/a>\r\n<a href=\"https:\/\/opensource.org\/osd\">https:\/\/opensource.org\/osd<\/a>\r\n\r\n<u>Nous utilisons uniquement l&rsquo;open source et ne suivons pas vos donn\u00e9es ou votre comportement sur ce site, c&rsquo;est pourquoi ce site n&rsquo;utilise pas de cookies.<\/u>\r\n\r\nCe n&rsquo;est que lorsque vous vous connectez \u00e0 notre site web client (<a href=\"https:\/\/my.legal-kanzlei.com\/login\">https:\/\/my.legal-kanzlei.com<\/a>) que des cookies de session sont utilis\u00e9s, et uniquement \u00e0 des fins de s\u00e9curit\u00e9.\r\n\r\n&nbsp;\r\n<h3>5. droits des personnes concern\u00e9es<\/h3>\r\nVous avez le droit :\r\n<ul>\r\n \t<li style=\"list-style-type: none;\">\r\n<ul>\r\n \t<li>de demander, conform\u00e9ment \u00e0 l&rsquo;article 15 du RGPD, des informations sur les donn\u00e9es que nous avons trait\u00e9es \u00e0 votre sujet. Vous pouvez notamment demander des informations sur les finalit\u00e9s du traitement, la cat\u00e9gorie de donn\u00e9es \u00e0 caract\u00e8re personnel, les cat\u00e9gories de destinataires auxquels vos donn\u00e9es ont \u00e9t\u00e9 ou seront divulgu\u00e9es, la dur\u00e9e de conservation pr\u00e9vue, l&rsquo;existence d&rsquo;un droit de rectification, d&rsquo;effacement, de limitation du traitement ou d&rsquo;opposition, l&rsquo;existence d&rsquo;un droit de recours, l&rsquo;origine de vos donn\u00e9es si elles n&rsquo;ont pas \u00e9t\u00e9 collect\u00e9es chez nous, ainsi que l&rsquo;existence d&rsquo;une prise de d\u00e9cision automatis\u00e9e, y compris le profilage, et, le cas \u00e9ch\u00e9ant, des informations pertinentes sur les d\u00e9tails de celle-ci;<\/li>\r\n<\/ul>\r\n<\/li>\r\n<\/ul>\r\n&nbsp;\r\n<ul>\r\n \t<li style=\"list-style-type: none;\">\r\n<ul>\r\n \t<li>conform\u00e9ment \u00e0 l&rsquo;article 16 du RGPD, de nous demander sans d\u00e9lai de rectifier les donn\u00e9es \u00e0 caract\u00e8re personnel vous concernant qui sont inexactes ou de les compl\u00e9ter;<\/li>\r\n<\/ul>\r\n<\/li>\r\n<\/ul>\r\n&nbsp;\r\n<ul>\r\n \t<li style=\"list-style-type: none;\">\r\n<ul>\r\n \t<li>conform\u00e9ment \u00e0 l&rsquo;article 17 du RGPD, d&rsquo;exiger la suppression des donn\u00e9es \u00e0 caract\u00e8re personnel vous concernant que nous avons enregistr\u00e9es, \u00e0 moins que le traitement ne soit n\u00e9cessaire \u00e0 l&rsquo;exercice du droit \u00e0 la libert\u00e9 d&rsquo;expression, au respect d&rsquo;une obligation l\u00e9gale, pour des raisons d&rsquo;int\u00e9r\u00eat public ou pour la constatation, l&rsquo;exercice ou la d\u00e9fense de droits en justice;<\/li>\r\n<\/ul>\r\n<\/li>\r\n<\/ul>\r\n&nbsp;\r\n<ul>\r\n \t<li style=\"list-style-type: none;\">\r\n<ul>\r\n \t<li>conform\u00e9ment \u00e0 l&rsquo;article 18 du RGPD, demander la limitation du traitement de vos donn\u00e9es \u00e0 caract\u00e8re personnel, dans la mesure o\u00f9 vous contestez l&rsquo;exactitude des donn\u00e9es, o\u00f9 le traitement est illicite mais que vous refusez leur effacement et que nous n&rsquo;avons plus besoin des donn\u00e9es, mais que vous en avez besoin pour faire valoir, exercer ou d\u00e9fendre des droits en justice ou que vous vous \u00eates oppos\u00e9 au traitement conform\u00e9ment \u00e0 l&rsquo;article 21 du RGPD;<\/li>\r\n<\/ul>\r\n<\/li>\r\n<\/ul>\r\n&nbsp;\r\n<ul>\r\n \t<li style=\"list-style-type: none;\">\r\n<ul>\r\n \t<li>conform\u00e9ment \u00e0 l&rsquo;article 20 du RGPD, de recevoir les donn\u00e9es \u00e0 caract\u00e8re personnel que vous nous avez fournies dans un format structur\u00e9, couramment utilis\u00e9 et lisible par machine, ou d&rsquo;obtenir leur transmission \u00e0 un autre responsable du traitement;<\/li>\r\n<\/ul>\r\n<\/li>\r\n<\/ul>\r\n&nbsp;\r\n<ul>\r\n \t<li style=\"list-style-type: none;\">\r\n<ul>\r\n \t<li>conform\u00e9ment \u00e0 l&rsquo;article 7, paragraphe 3, du RGPD, de r\u00e9voquer \u00e0 tout moment, \u00e0 notre \u00e9gard, le consentement que vous nous avez donn\u00e9 une fois. Cela a pour cons\u00e9quence que nous ne pouvons plus poursuivre \u00e0 l&rsquo;avenir le traitement des donn\u00e9es qui \u00e9tait bas\u00e9 sur ce consentement;<\/li>\r\n<\/ul>\r\n<\/li>\r\n<\/ul>\r\n&nbsp;\r\n<ul>\r\n \t<li style=\"list-style-type: none;\">\r\n<ul>\r\n \t<li>de d\u00e9poser une plainte aupr\u00e8s d&rsquo;une autorit\u00e9 de contr\u00f4le conform\u00e9ment \u00e0 l&rsquo;article 77 du RGPD. En r\u00e8gle g\u00e9n\u00e9rale, vous pouvez vous adresser \u00e0 l&rsquo;autorit\u00e9 de surveillance de votre lieu de r\u00e9sidence ou de travail habituel ou du si\u00e8ge de notre cabinet.<\/li>\r\n<\/ul>\r\n<\/li>\r\n<\/ul>\r\n&nbsp;\r\n<h3>6. droit d&rsquo;opposition<\/h3>\r\nDans la mesure o\u00f9 vos donn\u00e9es personnelles sont trait\u00e9es sur la base d&rsquo;int\u00e9r\u00eats l\u00e9gaux conform\u00e9ment \u00e0 l&rsquo;article 6, paragraphe 1, phrase 1, point f) du RGPD, vous avez le droit, conform\u00e9ment \u00e0 l&rsquo;article 21 du RGPD, de vous opposer au traitement de vos donn\u00e9es personnelles, dans la mesure o\u00f9 il existe des raisons li\u00e9es \u00e0 votre situation particuli\u00e8re ou si l&rsquo;opposition est dirig\u00e9e contre la publicit\u00e9 directe. Dans ce dernier cas, vous disposez d&rsquo;un droit d&rsquo;opposition qui est mis en \u0153uvre par nos soins sans indication d&rsquo;une situation particuli\u00e8re.\r\n\r\nSi vous souhaitez faire usage de votre droit de r\u00e9tractation ou d&rsquo;opposition, il vous suffit d&rsquo;envoyer un e-mail \u00e0 <a href=\"mailto:info@legal-kanzlei.com\">info@legal-kanzlei.com<\/a>.\r\n\r\n&nbsp;\r\n<h3>7. s\u00e9curit\u00e9 des donn\u00e9es<\/h3>\r\nNous sommes propri\u00e9taires du serveur virtuel sur lequel le site web est install\u00e9 pour nous (<a href=\"https:\/\/my.legal-kanzlei.com\/login\">https:\/\/my.legal-kanzlei.com<\/a>) Ce serveur se trouve en Allemagne dans un centre de donn\u00e9es conforme au GDPR et aux lois allemandes.\r\n\r\nComme nous poss\u00e9dons et entretenons notre serveur de collaboration, nous pouvons garantir qu&rsquo;aucune autre entreprise n&rsquo;a acc\u00e8s \u00e0 vos et \u00e0 nos donn\u00e9es.\r\n\r\nDe plus, nous mettons en \u0153uvre des mesures de s\u00e9curit\u00e9 techniques et organisationnelles afin de prot\u00e9ger les donn\u00e9es que vous nous avez fournies contre toute manipulation accidentelle ou intentionnelle, perte, destruction ou acc\u00e8s par des personnes non autoris\u00e9es. En cas de collecte et de traitement de donn\u00e9es personnelles, les informations sont transmises sous forme crypt\u00e9e afin d&rsquo;\u00e9viter toute utilisation abusive des donn\u00e9es par des tiers. Nos mesures de s\u00e9curit\u00e9 sont continuellement revues en fonction de l&rsquo;\u00e9volution technologique.\r\n\r\n&nbsp;\r\n<h3>8. Actualit\u00e9 et modification de la pr\u00e9sente d\u00e9claration de protection des donn\u00e9es<\/h3>\r\nCette d\u00e9claration de protection des donn\u00e9es est actuellement en vigueur et a \u00e9t\u00e9 mise \u00e0 jour en mai 2022.\r\nIl peut \u00eatre n\u00e9cessaire de modifier cette d\u00e9claration de protection des donn\u00e9es en raison du d\u00e9veloppement de notre site Internet et des offres qui y sont propos\u00e9es ou en raison de modifications des prescriptions l\u00e9gales ou administratives. Vous pouvez \u00e0 tout moment consulter et imprimer la d\u00e9claration de protection des donn\u00e9es en vigueur sur le site Internet <a href=\"https:\/\/legal-kanzlei.com\/datenschutz\">https:\/\/legal-kanzlei.com\/datenschutz<\/a> von Ihnen abgerufen und ausgedruckt werden.\r\n\r\n\r\n\r\n<\/div>\r\n<\/div>\r\n<\/div>\r\n\r\n\r\n<\/div>\r\n<\/div>\r\n\r\n\r\n\r\n\r\n","protected":false},"excerpt":{"rendered":"<p>Protection des donn\u00e9es 1. nom et coordonn\u00e9es du responsable du traitement et du d\u00e9l\u00e9gu\u00e9 \u00e0 la protection des donn\u00e9es de l&rsquo;entreprise Veuillez tout d&rsquo;abord prendre connaissance des informations relatives au traitement des donn\u00e9es. Cette information sur la protection des donn\u00e9es s&rsquo;applique au traitement des donn\u00e9es par : Me Sonja Aran, In Oberwiesen 16, 88682 Salem, [&hellip;]<\/p>\n","protected":false},"author":2,"featured_media":0,"parent":0,"menu_order":0,"comment_status":"closed","ping_status":"closed","template":"","meta":{"footnotes":""},"class_list":["post-1906","page","type-page","status-publish","hentry"],"blocksy_meta":{"styles_descriptor":{"styles":{"desktop":"","tablet":"","mobile":""},"google_fonts":[],"version":6}},"_links":{"self":[{"href":"https:\/\/legal-kanzlei.com\/fr\/wp-json\/wp\/v2\/pages\/1906","targetHints":{"allow":["GET"]}}],"collection":[{"href":"https:\/\/legal-kanzlei.com\/fr\/wp-json\/wp\/v2\/pages"}],"about":[{"href":"https:\/\/legal-kanzlei.com\/fr\/wp-json\/wp\/v2\/types\/page"}],"author":[{"embeddable":true,"href":"https:\/\/legal-kanzlei.com\/fr\/wp-json\/wp\/v2\/users\/2"}],"replies":[{"embeddable":true,"href":"https:\/\/legal-kanzlei.com\/fr\/wp-json\/wp\/v2\/comments?post=1906"}],"version-history":[{"count":0,"href":"https:\/\/legal-kanzlei.com\/fr\/wp-json\/wp\/v2\/pages\/1906\/revisions"}],"wp:attachment":[{"href":"https:\/\/legal-kanzlei.com\/fr\/wp-json\/wp\/v2\/media?parent=1906"}],"curies":[{"name":"wp","href":"https:\/\/api.w.org\/{rel}","templated":true}]}}