{"id":1906,"date":"2022-05-09T16:37:42","date_gmt":"2022-05-09T16:37:42","guid":{"rendered":"https:\/\/legal-kanzlei.com\/?page_id=1906"},"modified":"2022-06-15T16:42:42","modified_gmt":"2022-06-15T16:42:42","slug":"datenschutz","status":"publish","type":"page","link":"https:\/\/legal-kanzlei.com\/en\/privacy-policy\/","title":{"rendered":"Privacy policy"},"content":{"rendered":"\r\n<div class=\"wp-block-stackable-columns alignfull stk-block-columns stk-block stk-26ffbea stk-block-background stk--has-background-overlay\" data-block-id=\"26ffbea\"><style>.stk-26ffbea{background-color:#000000 !important;background-image:url(https:\/\/legal-kanzlei.com\/wp-content\/uploads\/2022\/04\/pexels-ekaterina-bolovtsova-6077123-scaled.jpg) !important;background-attachment:fixed !important}.stk-26ffbea:before{background-color:#000000 !important;opacity:0.4 !important}<\/style><div class=\"stk-row stk-inner-blocks stk-block-content stk-content-align stk-26ffbea-column alignfull\">\r\n<div class=\"wp-block-stackable-column stk-block-column stk-column stk-block stk-a70b2d2\" data-block-id=\"a70b2d2\"><style>.stk-a70b2d2 .stk-block-column__content{padding-top:180px !important;padding-right:180px !important;padding-bottom:180px !important;padding-left:180px !important}@media screen and (max-width:999px){.stk-a70b2d2 .stk-block-column__content{padding-top:0px !important;padding-right:0px !important;padding-bottom:0px !important;padding-left:0px !important}}<\/style><div class=\"stk-column-wrapper stk-block-column__content stk-container stk-a70b2d2-container stk--no-background stk--no-padding\"><div class=\"stk-block-content stk-inner-blocks\">\r\n<style>\r\nh1, h2, h3, h4 {\r\n   color: #E1E8ED !important ;\r\ntext-decoration: underline !important; \r\n}\r\n<\/style>\r\n<span style=\"color: white;font-size: 16px;\">\r\n<h1>Datenschutzerkl\u00e4rung<\/h1>\r\n<h2>1. Name und Kontaktdaten des f\u00fcr die Verarbeitung Verantwortlichen sowie des betrieblichen Datenschutzbeauftragten<\/h2>\r\n<p>Bitte beachten Sie zun\u00e4chst die Hinweise f\u00fcr die Datenverarbeitung.<\/p>\r\n<p>Diese Datenschutz-Information gilt f\u00fcr die Datenverarbeitung durch:<\/p>\r\n<p>Rechtsanw\u00e4ltin Sonja Aran, In Oberwiesen 16, 88682 Salem, <a href=\"mailto:info@legal-kanzlei.com\">info@legal-kanzlei.com<\/a>, <a href=\"tel:004975535379388\">Telefon: +49 7553 5739 388<\/a>, Fax: +49 7553 5739 387.<\/p>\r\n<p>Ein betrieblicher Datenschutzbeauftragter ist nicht erforderlich.<\/p>\r\n<br>\r\n<h2>2. Erhebung und Speicherung personenbezogener Daten sowie Art und Zweck der Verwendung<\/h2>\r\n<h3>1. Beim Besuch der Website<\/h3>\r\n<p>Beim Aufrufen unserer Website <a href=\"https:\/\/legal-kanzlei.com\/\">https:\/\/legal-kanzlei.com<\/a> werden durch den auf Ihrem Endger\u00e4t zum Einsatz kommenden Browser automatisch Informationen an den Server unserer Website gesendet. Diese Informationen werden tempor\u00e4r in einem sog. Logfile gespeichert. Folgende Informationen werden dabei ohne Ihr Zutun erfasst und bis zur automatischen L\u00f6schung gespeichert:<\/p>\r\n<ul>\r\n\t<li>IP-Adresse des anfragenden Rechners<\/li>\r\n\t<li>Datum und Uhrzeit des Zugriffs<\/li>\r\n\t<li>Name und URL der abgerufenen Datei <\/li>\r\n\t<li>verwendeter Browser und ggf. das Betriebssystem Ihres Rechners<\/li>\r\n<\/ul>\r\n<p><strong>Die genannten Daten werden durch uns zu folgenden Zwecken verarbeitet:<\/strong><\/p>\r\n<ul>\r\n\t<li>Gew\u00e4hrleistung eines reibungslosen Verbindungsaufbaus der Website<\/li>\r\n<\/ul>\r\n<p>Die Rechtsgrundlage f\u00fcr die Datenverarbeitung ist Art.6&nbsp; Abs.1 S.1 lit. f DSGVO. Unser berechtigtes Interesse folgt aus oben aufgelisteten Zwecken zur Datenerhebung. In keinem Fall verwenden wir die erhobenen Daten zu dem Zweck, R\u00fcckschl\u00fcsse auf Ihre Person zu ziehen.<\/p>\r\n<p><b>Dar\u00fcber hinaus setzen wir beim Besuch unserer Website <u>keine<\/u> Cookies ein.<\/b> N\u00e4here Erl\u00e4uterungen dazu erhalten Sie unter den Ziff. 4dieser Datenschutzerkl\u00e4rung.<\/p>\r\n<br>\r\n<h3>2. Bei Nutzung unseres Kontaktformulars<\/h3>\r\n<p>Bei Fragen jeglicher Art bieten wir Ihnen die M\u00f6glichkeit, mit uns \u00fcber auf der Website bereitgestellte Formulare Kontakt aufzunehmen. Dabei ist die Angabe einer g\u00fcltigen E-Mail-Adresse und Ihres Namens erforderlich, damit wir wissen, von wem die Anfrage stammt und um diese beantworten zu k\u00f6nnen. Zur Beauftragung eines Mahnbescheides oder einer Akteneinsicht k\u00f6nnen weitere Angaben als Pflichtangaben erforderlich sein, damit wir den erteilten Auftrag bearbeiten k\u00f6nnen. Weitere Angaben k\u00f6nnen freiwillig get\u00e4tigt werden.<\/p>\r\n<p>Die Datenverarbeitung zum Zwecke der Kontaktaufnahme mit uns erfolgt nach Art. 6 Abs.1 S.1 lit.a DAGVO auf Grundlage Ihrer freiwillig erkl\u00e4rten Einwilligung.<\/p>\r\n<p>Die f\u00fcr die Benutzung des Kontaktformulars von uns erhobenen personenbezogenen Daten werden nach Erledigung der von Ihnen gestellten Anfrage automatisch gel\u00f6scht.<\/p>\r\n<br>\r\n<h3>3. Weitergabe von Daten<\/h3>\r\n<p>Eine \u00dcbermittlung Ihrer pers\u00f6nlichen Daten an Dritte zu anderen als den im Folgenden aufgef\u00fchrten Zwecken findet nicht statt.<\/p>\r\n<p>Wir geben Ihre pers\u00f6nlichen Daten nur an Dritte weiter, wenn:<br>\r\nSie Ihre nach Art. 6 Abs.1 S.1 lit.a DSGVO ausdr\u00fcckliche Einwilligung dazu erteilt haben, die Weitergabe nach Art. 6 Abs.1 S.1 lit. f DSGVO zur Geltendmachung, Aus\u00fcbung oder Verteidigung von Rechtsanspr\u00fcchen erforderlich ist und kein Grund zur Annahme besteht, dass Sie ein \u00fcberwiegendes schutzw\u00fcrdiges Interesse an der Nichtweitergabe Ihrer Daten haben, f\u00fcr den Fall, dass f\u00fcr die Weitergabe nach Art. 6 Abs.1 S.1 lit. c DSGVO eine gesetzliche Verpflichtung besteht, sowie dies gesetzlich zul\u00e4ssig und nach Art. 6 Abs.1 S.1 lit. b DSGVO f\u00fcr die Abwicklung von Vertragsverh\u00e4ltnissen mit Ihnen erforderlich ist.<\/p>\r\n\r\n<br>\r\n<h3>4. Cookies\/Tracking Tools&gt;<\/h3>\r\n<h4>Open Source<\/h4>\r\n<p>Eine Software (ein Computerprogramm) wird zun\u00e4chst vom Programmierer in einer Programmiersprache geschrieben, die f\u00fcr Menschen lesbar ist und als Quellcode des Programms bezeichnet wird. Um von einem Computer verstanden zu werden, wird dieses Programm in eine Folge von Nullen und Einsen \u00fcbersetzt, die von einem Menschen nicht lesbar ist. Dies wird als ausf\u00fchrbarer Code oder Maschinencode bezeichnet.<\/p>\r\n<p>Software mit Open-Source-Lizenz garantiert den Zugriff auf das f\u00fcr Menschen lesbare Programm. Auf diese Weise ist es f\u00fcr einen Programmierer sehr riskant, illegale oder unethische Funktionen wie das Sammeln und Verschl\u00fcsseln von pers\u00f6nlichen Daten in ein Programm einzuf\u00fcgen. \r\nDa der Code von Opensource \u00fcberpr\u00fcft werden kann, ist er besser f\u00fcr die Privatsph\u00e4re als geschlossene und propriet\u00e4re Software, bei der der Code von der Programmiererfirma geheim gehalten wird.<\/p>\r\n<p><a href=\"https:\/\/www.fsf.org\/about\">https:\/\/www.fsf.org\/about<\/a>\r\n<a href=\"https:\/\/opensource.org\/osd\">https:\/\/opensource.org\/osd<\/a><\/p>\r\n<p><u>Wir benutzen ausschlie\u00dflich Open Source und verfolgen keine Ihrer Daten oder Ihr Verhalten auf dieser Website, daher verwendet diese Website keine Cookies.<\/u><\/p>\r\n<p>Nur wenn Sie sich auf unserer Kunden-Website (<a href=\"https:\/\/my.legal-kanzlei.com\/login\">https:\/\/my.legal-kanzlei.com<\/a>) einloggen, werden Sitzungs-Cookies verwendet, und auch nur zu Sicherheitszwecken.<\/p>\r\n<br>\r\n<h3>5. Betroffenenrechte<\/h3>\r\n<p>Sie haben das Recht:\r\n<\/p><ul>\r\n <li>gem\u00e4\u00df Artikel 15 DSGVO Auskunft \u00fcber Ihre von uns \u00fcberarbeiteten Daten zu verlangen. Insbesondere k\u00f6nnen Sie Ausk\u00fcnfte \u00fcber Verarbeitungszwecke die Kategorie der personenbezogenen Daten, die Kategorien von Empf\u00e4ngern, gegen\u00fcber denen Ihre Daten offengelegt wurden oder werden, die geplante Speicherdauer, das Bestehen eines Rechts auf Berichtigung, L\u00f6schung, Einschr\u00e4nkung der Verarbeitung oder Widerspruch, das Bestehen eines Beschwerderechts, die Herkunft Ihrer Daten, sofern diese nicht bei uns erhoben wurden, sowie \u00fcber das Bestehen einer automatisierten Entscheidungsfindung einschlie\u00dflich profiling und gegebenenfalls aussagekr\u00e4ftigen Informationen zu deren Einzelheiten verlangen;<\/li><br>\r\n <li>gem\u00e4\u00df Artikel 16 DSGVO unverz\u00fcglich die Berichtigung unrichtiger oder Vervollst\u00e4ndigung Ihrer bei uns gespeicherten personenbezogenen Daten bei uns zu verlangen;<\/li><br>\r\n <li>gem\u00e4\u00df Artikel 17 DSVO die L\u00f6schung Ihrer bei uns gespeicherten personenbezogenen Daten zu verlangen, soweit nicht die Verarbeitung zur Aus\u00fcbung des Rechts zur freien Meinungs\u00e4u\u00dferung, zur Erf\u00fcllung einer rechtlichen Verpflichtung, aus Gr\u00fcnden des \u00f6ffentlichen Interesses oder zur Geltendmachung, Aus\u00fcbung oder Verteidigung von Rechtsanspr\u00fcchen erforderlich ist;<\/li><br>\r\n <li>gem\u00e4\u00df Artikel 18 DSGVO die Einschr\u00e4nkung der Verarbeitung Ihrer personenbezogenen Daten zu verlangen, soweit die Richtigkeit der Daten von Ihnen bestritten wird, die Verarbeitung unrechtm\u00e4\u00dfig ist, sie aber deren L\u00f6schung ablehnen und wir die Daten nicht mehr ben\u00f6tigen, Sie jedoch diese zur Geltendmachung, Aus\u00fcbung oder Verteidigung von Rechtsanspr\u00fcchen ben\u00f6tigen oder Sie gem\u00e4\u00df Artikel 21 DSGVO Widerspruch gegen die Verarbeitung eingelegt haben;<\/li><br>\r\n <li>gem\u00e4\u00df Artikel 20 DSGVO Ihre personenbezogenen Daten die Sie uns bereitgestellt haben, in einem strukturierten g\u00e4ngigen und maschinenlesbaren Format zu erhalten oder die \u00dcbermittlung an einen anderen Verantwortlichen zu erlangen;<\/li><br>\r\n <li>gem\u00e4\u00df Artikel 7 Absatz 3 DSGVO Ihre einmal erteilte Einwilligung jederzeit uns gegen\u00fcber zu widerrufen. Dies hat zur Folge, dass wir die Datenverarbeitung, die auf dieser Einwilligung beruhte, f\u00fcr die Zukunft nicht mehr fortf\u00fchren d\u00fcrfen;<\/li><br>\r\n <li>gem\u00e4\u00df Artikel 77 DSGVO sich bei einer Aufsichtsbeh\u00f6rde zu beschweren. In der Regel k\u00f6nnen Sie sich hierf\u00fcr an die Aufsichtsbeh\u00f6rde Ihres \u00fcblichen Aufenthaltsortes oder Arbeitsplatzes oder unseres Kanzleisitzes wenden.<\/li><br>\r\n<\/ul>\r\n<p><\/p>\r\n<h3>6. Widerspruchsrecht<\/h3>\r\n<p>Sofern Ihre personenbezogenen Daten auf Grundlage von rechtlichen Interessen gem\u00e4\u00df Artikel 6 Absatz 1 Satz 1 lit..f.DSGVO verarbeitet werden, haben Sie das Recht, gem\u00e4\u00df Artikel 21 DSGVO Widerspruch gegen die Verarbeitung Ihrer personenbezogen Daten einzulegen, soweit daf\u00fcr Gr\u00fcnde vorliegen, die sich aus Ihrer besonderen Situation ergeben oder sich der Widerspruch gegen Direktwerbung richtet. Im letzteren Fall haben Sie ein Widerspruchsrecht, dass ohne Angabe einer besonderen Situation von uns umgesetzt wird.<\/p>\r\n<p>M\u00f6chten Sie von Ihrem Widerrufs -oder Widerspruchsrecht Gebrauch machen, gen\u00fcgt eine E-Mail an <a href=\"mailto:info@legal-kanzlei.com\">info@legal-kanzlei.com<\/a>.<\/p>\r\n<br>\r\n<h3>7. Datensicherhei<\/h3>\r\n<p>Wir sind Eigent\u00fcmer des virtuellen Servers, auf dem die Website f\u00fcr uns (<a href=\"https:\/\/my.legal-kanzlei.com\/login\">https:\/\/my.legal-kanzlei.com<\/a>) installiert ist. Dieser Server befindet sich in Deutschland in einem Rechenzentrum, das mit GDPR und deutschen Gesetzen konform ist.<\/p>\r\n<p>Da wir unseren Kollaborationsserver besitzen und warten, k\u00f6nnen wir sicherstellen, dass keine anderen Unternehmen Zugriff auf Ihre und unsere Daten haben.<\/p>\r\n<p>Zus\u00e4tzlich wir setzen technische und organisatorische Sicherheitsma\u00dfnahmen ein, um Ihre zur Verf\u00fcgung gestellten Daten durch zuf\u00e4llige oder vors\u00e4tzliche Manipulation, Verlust, Zerst\u00f6rung oder Zugriff unberechtigter Personen zu sch\u00fctzen. Im Falle der Erhebung und Verarbeitung pers\u00f6nlicher Daten werden die Informationen in verschl\u00fcsselter Form \u00fcbertragen, um einem Missbrauch der Daten durch Dritte vorzubeugen. Unsere Sicherungsma\u00dfnahmen werden entsprechend der technologischen Entwicklung fortlaufend \u00fcberarbeitet.<\/p>\r\n<br>\r\n<h3>8. Aktualit\u00e4t und \u00c4nderung dieser Datenschutzerkl\u00e4rung<\/h3>\r\n<p>Diese Datenschutzerkl\u00e4rung ist aktuelle g\u00fcltig und hat den Stand Mai 2022.<\/p>\r\n<p>Durch die Weiterentwicklung unserer Website und Angebote dar\u00fcber oder aufgrund ge\u00e4nderter gesetzlicher&nbsp; bzw. Beh\u00f6rdlicher Vorgaben kann es notwendig werden, diese Datenschutzerkl\u00e4rung zu \u00e4ndern. Die jeweils aktuelle Datenschutzerkl\u00e4rung kann jederzeit auf der Website unter <a href=\"https:\/\/legal-kanzlei.com\/datenschutz\">https:\/\/legal-kanzlei.com\/datenschutz<\/a> von Ihnen abgerufen und ausgedruckt werden.<\/p><\/span>\r\n<\/div><\/div><\/div>\r\n<\/div><\/div>\r\n\r\n\r\n\r\n<p><\/p>\r\n","protected":false},"excerpt":{"rendered":"<p>Datenschutzerkl\u00e4rung 1. Name und Kontaktdaten des f\u00fcr die Verarbeitung Verantwortlichen sowie des betrieblichen Datenschutzbeauftragten Bitte beachten Sie zun\u00e4chst die Hinweise f\u00fcr die Datenverarbeitung. Diese Datenschutz-Information gilt f\u00fcr die Datenverarbeitung durch: Rechtsanw\u00e4ltin Sonja Aran, In Oberwiesen 16, 88682 Salem, info@legal-kanzlei.com, Telefon: +49 7553 5739 388, Fax: +49 7553 5739 387. Ein betrieblicher Datenschutzbeauftragter ist nicht erforderlich. [&hellip;]<\/p>\n","protected":false},"author":2,"featured_media":0,"parent":0,"menu_order":0,"comment_status":"closed","ping_status":"closed","template":"","meta":{"footnotes":""},"class_list":["post-1906","page","type-page","status-publish","hentry"],"blocksy_meta":{"styles_descriptor":{"styles":{"desktop":"","tablet":"","mobile":""},"google_fonts":[],"version":6}},"_links":{"self":[{"href":"https:\/\/legal-kanzlei.com\/en\/wp-json\/wp\/v2\/pages\/1906","targetHints":{"allow":["GET"]}}],"collection":[{"href":"https:\/\/legal-kanzlei.com\/en\/wp-json\/wp\/v2\/pages"}],"about":[{"href":"https:\/\/legal-kanzlei.com\/en\/wp-json\/wp\/v2\/types\/page"}],"author":[{"embeddable":true,"href":"https:\/\/legal-kanzlei.com\/en\/wp-json\/wp\/v2\/users\/2"}],"replies":[{"embeddable":true,"href":"https:\/\/legal-kanzlei.com\/en\/wp-json\/wp\/v2\/comments?post=1906"}],"version-history":[{"count":0,"href":"https:\/\/legal-kanzlei.com\/en\/wp-json\/wp\/v2\/pages\/1906\/revisions"}],"wp:attachment":[{"href":"https:\/\/legal-kanzlei.com\/en\/wp-json\/wp\/v2\/media?parent=1906"}],"curies":[{"name":"wp","href":"https:\/\/api.w.org\/{rel}","templated":true}]}}