{"id":1602,"date":"2022-04-25T14:34:36","date_gmt":"2022-04-25T14:34:36","guid":{"rendered":"https:\/\/legal-kanzlei.com\/?page_id=1602"},"modified":"2022-07-28T08:40:40","modified_gmt":"2022-07-28T08:40:40","slug":"impressum","status":"publish","type":"page","link":"https:\/\/legal-kanzlei.com\/en\/legal-notice\/","title":{"rendered":"Legal notice"},"content":{"rendered":"\r\n<div class=\"wp-block-stackable-columns alignfull stk-block-columns stk-block stk-26ffbea stk-block-background stk--has-background-overlay\" data-block-id=\"26ffbea\"><style>.stk-26ffbea{background-color:#000000 !important;background-image:url(https:\/\/legal-kanzlei.com\/wp-content\/uploads\/2022\/04\/pexels-ekaterina-bolovtsova-6077123-scaled.jpg) !important;background-attachment:fixed !important}.stk-26ffbea:before{background-color:#000000 !important;opacity:0.4 !important}<\/style><div class=\"stk-row stk-inner-blocks stk-block-content stk-content-align stk-26ffbea-column alignfull\">\r\n<div class=\"wp-block-stackable-column stk-block-column stk-column stk-block stk-a70b2d2\" data-block-id=\"a70b2d2\"><style>.stk-a70b2d2 .stk-block-column__content{padding-top:180px !important;padding-right:180px !important;padding-bottom:180px !important;padding-left:180px !important}@media screen and (max-width:999px){.stk-a70b2d2 .stk-block-column__content{padding-top:0px !important;padding-right:0px !important;padding-bottom:0px !important;padding-left:0px !important}}<\/style><div class=\"stk-column-wrapper stk-block-column__content stk-container stk-a70b2d2-container stk--no-background stk--no-padding\"><div class=\"stk-block-content stk-inner-blocks\">\r\n<style>\r\nh1, h4 {\r\n   color: #E1E8ED !important ;\r\ntext-decoration: underline !important; \r\n}\r\n<\/style>\r\n<span style=\"color: white;font-size: 16px;\">\r\n<h1>Legal Notice<\/h1>\r\n<br><br>\r\n<h4>Kontaktdaten<\/h4>\r\n<p>Sonja Aran<\/p>\r\n<p>In Oberwiesen 16<br>\r\nGewerbepark<br>\r\n8682 Salem<\/p>\r\n<br>\r\n<br>\r\n<h4>Wirtschafts-Identifikationsnummer<\/h4>\r\n<p>DE353697187<\/p>\r\n<br><br>\r\n<h4>Verantwortlicher \/ Verantwortliche f\u00fcr journalistisch-redaktionelle Texte<\/h4>\r\n<p>Sonja Aran<\/p>\r\n<br>\r\n<br>\r\n<h4>Rechtsanwalt \/ Rechtsanw\u00e4ltin<\/h4>\r\n<p>Die gesetzliche Berufsbezeichnung <b>Rechtsanwalt \/ Rechtsanw\u00e4ltin<\/b> wurde verliehen in der Bundesrepublik Deutschland\r\n(Baden-W\u00fcrttemberg).<\/p>\r\n<br>\r\n<br>\r\n<h4>Zust\u00e4ndige Aufsichtsbeh\u00f6rde<\/h4>\r\n<p>Rechtsanwaltskammer Freiburg<br>\r\nAnschrift: Bertoldstr. 44 79098 Freiburg<br>\r\nTelefon: 0761\/32563<br>\r\nFax: 0761\/286261<br>\r\nE-Mail: <a href=\"mailto:info@rak-freiburg.de\">info@rak-freiburg.de<\/a><br>\r\nWeb: <a href=\"https:\/\/www.rak-freiburg.de\/\">www.rak-freiburg.de<\/a><br><br>\r\nDer Berufsstand der Rechtsanw\u00e4lte unterliegt im Wesentlichen den nachstehenden berufsrechtlichen Regelungen:<br>\r\n<\/p><ol>\r\n<li>Bundesrechtsanwaltsordnung (BRAO)<\/li>\r\n<li>Berufsordnung der Rechtsanw\u00e4lte (BORA)<\/li>\r\n<li>Rechtsanwaltsverg\u00fctungsgesetz (RVG)<\/li>\r\n<\/ol>\r\n<p>Die berufsrechtlichen Regelungen k\u00f6nnen bei der zust\u00e4ndigen Rechtsanwaltskammer eingesehen werden. Diese finden Sie auch auf der\r\nHomepage der Bundesrechtsanwaltskammer (<a href=\"http:\/\/www.brak.de\/\" target=\"_blank\" rel=\"noopener\">www.brak.de<\/a>).<\/p><br><br>\r\n<h4>Plattform der EU-Kommission zur Online-Streitbeilegung:<\/h4>\r\n<p><a href=\"http:\/\/www.ec.europa.eu\/consumers\/odr\" target=\"_blank\" rel=\"noopener\">http:\/\/www.ec.europa.eu\/consumers\/odr<\/a><\/p><br><br>\r\n<h4>Angaben zur Berufshaftpflichtversicherung<\/h4>\r\n<p>Rechtsanw\u00e4ltin Sonja Aran<br>\r\nVerm\u00f6gensschaden-Haftpflicht<br>\r\nVersicherungs-Nr.:60\/0450\/6044518\/250<br>\r\nAdresse: Allianz, Marktpl.1, 88677 Markdorf<br>\r\nR\u00e4umlicher Geltungsbereich: Vom Versicherungsschutz umfasst sind T\u00e4tigkeiten in Europa, dies gen\u00fcgt damit mindestens den Anforderungen der\r\nVorschrift gem\u00e4\u00df \u00a7 51 Bundesrechtsanwaltsordnung (BRAO). Rechtsanw\u00e4ltinnen und Rechtsanw\u00e4lte sind aufgrund der Bundesrechtsanwaltsordnung (BRAO) verpflichtet, eine Berufshaftpflichtversicherung mit einer Mindestversicherungssumme von \u20ac 250.000,00 zu unterhalten. Die Einzelheiten hierzu ergeben\r\nsich aus \u00a7 51 BRAO.<\/p>\r\n<br><br>\r\n<h4>Vermeidung von Interessenkonflikten<\/h4>\r\n<p>Die Wahrnehmung widerstreitender Interessen ist Rechtsanw\u00e4lten\/Rechtsanw\u00e4ltinnen aufgrund berufsrechtlicher Regelungen untersagt (\u00a7 43 Abs. 4 BRAO). Vor Aufnahme eines Mandats wird deshalb stets gepr\u00fcft, ob ein Interessenkonflikt vorliegt.<\/p><br><br>\r\n\r\n<h4>Au\u00dfergerichtliche Streitigkeiten<\/h4>\r\n<p>Bei Streitigkeiten zwischen der Kanzlei und dem Mandanten gilt das Recht der Bundesrepublik Deutschland.<br>\r\nGerichtsstand ist der jeweilige gesetzliche Gerichtsstand.<br>\r\nZur Vermeidung eines Rechtsstreites besteht die M\u00f6glichkeit einer au\u00dfergerichtlichen Streitschlichtung auf Antrag bei der jeweils zust\u00e4ndigen regionalen Rechtsanwaltskammer (gem. \u00a7 73 Abs. 2 Nr. 3 i. V. m. \u00a7 73 Abs. 5 BRAO) oder bei der Schlichtungsstelle der Rechtsanwaltschaft (\u00a7 191 f BRAO) bei der Bundesrechtsanwaltskammer (im Internet abrufbar \u00fcber die Webseite der Bundesrechtsanwaltskammer <a href=\"https:\/\/www.brak.de\/\">www.brak.de<\/a> oder per E-Mail unter der Adresse <a href=\"mailto:schlichtungsstelle@brak.de\">schlichtungsstelle@brak.de<\/a>). Voraussetzung f\u00fcr eine aussergerichtliche Schlichtung ist es, dass der zugrunde zulegende Streitwert nicht mehr als 50.000 \u20ac betr\u00e4gt. Ist die Schlichtung bei einer der beiden alternativen Schlichtungsstellen beantragt worden, kommt die Anrufung der alternativen Schlichtungsstelle nicht mehr in Betracht.<br>\r\nVerbraucherinformationen: Online-Streitbeilegung gem\u00e4\u00df Art. 14 Abs. 1 ODR-VO: Die Europ\u00e4ische Kommission stellt eine Plattform zur Online-Streitbeilegung (OS) bereit, die Sie hier finden: <a href=\"http:\/\/www.ec.europa.eu\/consumers\/odr\">www.ec.europa.eu\/consumers\/odr<\/a>.<\/p><br><br>\r\n<h4>Haftungsausschluss<\/h4>\r\n<p>Die hier dargebotenen Informationen und Rechtsansichten sind nicht als umfassende Darstellung gedacht und k\u00f6nnen eine individuelle, auf die\r\nBesonderheiten des Sachverhalts bezogene Beratung nicht ersetzen. Jegliche Haftung f\u00fcr die Nutzung dieser Informationen ist daher ausgeschlossen. Es wird keine Gew\u00e4hr f\u00fcr Richtigkeit, Vollst\u00e4ndigkeit und Aktualit\u00e4t \u00fcbernommen.<br>\r\nDie Anwaltskanzlei Legal-Kanzlei haftet ebenso wenig f\u00fcr den Inhalt externer Internetseiten, die \u00fcber Links von dieser Webseite erreicht werden k\u00f6nnen oder die ihrerseits auf diese Website verweisen.<\/p><\/span>\r\n<\/div><\/div><\/div>\r\n<\/div><\/div>\r\n","protected":false},"excerpt":{"rendered":"<p>Legal Notice Kontaktdaten Sonja Aran In Oberwiesen 16 Gewerbepark 8682 Salem Wirtschafts-Identifikationsnummer DE353697187 Verantwortlicher \/ Verantwortliche f\u00fcr journalistisch-redaktionelle Texte Sonja Aran Rechtsanwalt \/ Rechtsanw\u00e4ltin Die gesetzliche Berufsbezeichnung Rechtsanwalt \/ Rechtsanw\u00e4ltin wurde verliehen in der Bundesrepublik Deutschland (Baden-W\u00fcrttemberg). Zust\u00e4ndige Aufsichtsbeh\u00f6rde Rechtsanwaltskammer Freiburg Anschrift: Bertoldstr. 44 79098 Freiburg Telefon: 0761\/32563 Fax: 0761\/286261 E-Mail: info@rak-freiburg.de Web: www.rak-freiburg.de Der [&hellip;]<\/p>\n","protected":false},"author":2,"featured_media":0,"parent":0,"menu_order":0,"comment_status":"closed","ping_status":"closed","template":"","meta":{"footnotes":""},"class_list":["post-1602","page","type-page","status-publish","hentry"],"blocksy_meta":{"styles_descriptor":{"styles":{"desktop":"","tablet":"","mobile":""},"google_fonts":[],"version":6}},"_links":{"self":[{"href":"https:\/\/legal-kanzlei.com\/en\/wp-json\/wp\/v2\/pages\/1602","targetHints":{"allow":["GET"]}}],"collection":[{"href":"https:\/\/legal-kanzlei.com\/en\/wp-json\/wp\/v2\/pages"}],"about":[{"href":"https:\/\/legal-kanzlei.com\/en\/wp-json\/wp\/v2\/types\/page"}],"author":[{"embeddable":true,"href":"https:\/\/legal-kanzlei.com\/en\/wp-json\/wp\/v2\/users\/2"}],"replies":[{"embeddable":true,"href":"https:\/\/legal-kanzlei.com\/en\/wp-json\/wp\/v2\/comments?post=1602"}],"version-history":[{"count":0,"href":"https:\/\/legal-kanzlei.com\/en\/wp-json\/wp\/v2\/pages\/1602\/revisions"}],"wp:attachment":[{"href":"https:\/\/legal-kanzlei.com\/en\/wp-json\/wp\/v2\/media?parent=1602"}],"curies":[{"name":"wp","href":"https:\/\/api.w.org\/{rel}","templated":true}]}}